{"id":608,"date":"2015-06-25T12:03:03","date_gmt":"2015-06-25T09:03:03","guid":{"rendered":"https:\/\/sbsviptransfer.com\/home-tr\/"},"modified":"2026-01-12T23:15:03","modified_gmt":"2026-01-12T20:15:03","slug":"home-tr","status":"publish","type":"page","link":"https:\/\/sbsviptransfer.com\/tr\/","title":{"rendered":"Home TR"},"content":{"rendered":"<p><strong>Antalya Havaalan\u0131 ultra VIP transfer<\/strong>\u00a0hizmetinde amac\u0131m\u0131z, ula\u015f\u0131m\u0131 bir y\u00fck olmaktan \u00e7\u0131kar\u0131p, g\u00fcn\u00fcn en keyifli ve dinlendirici zaman dilimine d\u00f6n\u00fc\u015ft\u00fcrmektir. Dakiklik, profesyonellik ve i\u015fin uzmanl\u0131\u011f\u0131na duydu\u011fumuz bu tutku, bizi sadece bir ta\u015f\u0131ma firmas\u0131 olmaktan \u00e7\u0131kar\u0131p, prestijli bir hizmet ekol\u00fcne d\u00f6n\u00fc\u015ft\u00fcrm\u00fc\u015ft\u00fcr. Misafirimizin kendisini \u00f6zel hissetti\u011fi her saniye, bizim i\u00e7in ba\u015far\u0131n\u0131n en b\u00fcy\u00fck g\u00f6stergesidir. Antalya\u2019n\u0131n parlayan g\u00fcne\u015finin alt\u0131nda, serin ve huzurlu bir yolculuk deneyimi i\u00e7in sundu\u011fumuz bu standartlar, hizmet sekt\u00f6r\u00fcndeki vizyonumuzun bir sonucudur. Konforun s\u0131n\u0131rlar\u0131n\u0131 zorlayan, g\u00fcvenli\u011fi esas alan ve prestiji her detayda hissettiren bu \u00f6zel ula\u015f\u0131m modeli, seyahatinizin en de\u011ferli par\u00e7as\u0131 olmaya adayd\u0131r.<\/p>\n","protected":false},"excerpt":{"rendered":"<p>Antalya Havaalan\u0131 ultra VIP transfer\u00a0hizmetinde amac\u0131m\u0131z, ula\u015f\u0131m\u0131 bir y\u00fck olmaktan \u00e7\u0131kar\u0131p, g\u00fcn\u00fcn en keyifli ve dinlendirici zaman dilimine d\u00f6n\u00fc\u015ft\u00fcrmektir. Dakiklik, profesyonellik ve i\u015fin uzmanl\u0131\u011f\u0131na duydu\u011fumuz bu tutku, bizi sadece bir ta\u015f\u0131ma firmas\u0131 olmaktan \u00e7\u0131kar\u0131p, prestijli bir hizmet ekol\u00fcne d\u00f6n\u00fc\u015ft\u00fcrm\u00fc\u015ft\u00fcr. Misafirimizin kendisini \u00f6zel hissetti\u011fi her saniye, bizim i\u00e7in ba\u015far\u0131n\u0131n en b\u00fcy\u00fck g\u00f6stergesidir. Antalya\u2019n\u0131n parlayan g\u00fcne\u015finin alt\u0131nda, [&hellip;]<\/p>\n","protected":false},"author":1,"featured_media":0,"parent":0,"menu_order":0,"comment_status":"closed","ping_status":"closed","template":"page_home.php","meta":{"footnotes":""},"class_list":["post-608","page","type-page","status-publish","hentry"],"_links":{"self":[{"href":"https:\/\/sbsviptransfer.com\/tr\/wp-json\/wp\/v2\/pages\/608","targetHints":{"allow":["GET"]}}],"collection":[{"href":"https:\/\/sbsviptransfer.com\/tr\/wp-json\/wp\/v2\/pages"}],"about":[{"href":"https:\/\/sbsviptransfer.com\/tr\/wp-json\/wp\/v2\/types\/page"}],"author":[{"embeddable":true,"href":"https:\/\/sbsviptransfer.com\/tr\/wp-json\/wp\/v2\/users\/1"}],"replies":[{"embeddable":true,"href":"https:\/\/sbsviptransfer.com\/tr\/wp-json\/wp\/v2\/comments?post=608"}],"version-history":[{"count":2,"href":"https:\/\/sbsviptransfer.com\/tr\/wp-json\/wp\/v2\/pages\/608\/revisions"}],"predecessor-version":[{"id":817,"href":"https:\/\/sbsviptransfer.com\/tr\/wp-json\/wp\/v2\/pages\/608\/revisions\/817"}],"wp:attachment":[{"href":"https:\/\/sbsviptransfer.com\/tr\/wp-json\/wp\/v2\/media?parent=608"}],"curies":[{"name":"wp","href":"https:\/\/api.w.org\/{rel}","templated":true}]}}